{"id":233755,"date":"2020-06-12T13:05:35","date_gmt":"2020-06-12T11:05:35","guid":{"rendered":"https:\/\/www.centrosnarah.com\/mi-cuenta\/"},"modified":"2021-05-09T20:05:59","modified_gmt":"2021-05-09T18:05:59","slug":"my-account","status":"publish","type":"page","link":"https:\/\/www.centrosnarah.com\/en\/my-account\/","title":{"rendered":"My account"},"content":{"rendered":"[et_pb_section fb_built=&#8221;1&#8243; admin_label=&#8221;Hero Section&#8221; _builder_version=&#8221;4.4.8&#8243; background_color_gradient_direction=&#8221;131deg&#8221; background_image=&#8221;https:\/\/www.centrosnarah.com\/wp-content\/uploads\/sunbather-3721835_1280-e1562279083115.jpg&#8221; custom_padding=&#8221;80px|0px|80px|0px|false|false&#8221; animation_style=&#8221;slide&#8221; animation_direction=&#8221;top&#8221; animation_intensity_slide=&#8221;2%&#8221; animation_starting_opacity=&#8221;100%&#8221; locked=&#8221;off&#8221;][et_pb_row custom_padding_last_edited=&#8221;on|desktop&#8221; _builder_version=&#8221;4.4.8&#8243; background_color=&#8221;rgba(255,255,255,0.64)&#8221; background_size=&#8221;initial&#8221; background_position=&#8221;top_left&#8221; background_repeat=&#8221;repeat&#8221; max_width=&#8221;500px&#8221; custom_padding=&#8221;5px||5px||true&#8221; custom_padding_tablet=&#8221;&#8221; custom_padding_phone=&#8221;&#8221; use_custom_width=&#8221;on&#8221; custom_width_px=&#8221;300px&#8221;][et_pb_column type=&#8221;4_4&#8243; _builder_version=&#8221;3.25&#8243; custom_padding=&#8221;|||&#8221; custom_padding__hover=&#8221;|||&#8221;][et_pb_text admin_label=&#8221;Texto \u00c1rea de clientes&#8221; _builder_version=&#8221;4.9.4&#8243; text_font=&#8221;||||||||&#8221; header_font=&#8221;Montserrat|300|||||||&#8221; header_text_color=&#8221;#848484&#8243; header_font_size=&#8221;56px&#8221; header_line_height=&#8221;1.5em&#8221; background_size=&#8221;initial&#8221; background_position=&#8221;top_left&#8221; background_repeat=&#8221;repeat&#8221; text_orientation=&#8221;center&#8221; module_alignment=&#8221;center&#8221; custom_margin=&#8221;||0px|&#8221; hover_enabled=&#8221;0&#8243; header_font_size_tablet=&#8221;55px&#8221; header_font_size_phone=&#8221;50px&#8221; header_font_size_last_edited=&#8221;on|phone&#8221; locked=&#8221;off&#8221; sticky_enabled=&#8221;0&#8243;]<h1>Customer area<\/h1>[\/et_pb_text][\/et_pb_column][\/et_pb_row][\/et_pb_section][et_pb_section fb_built=&#8221;1&#8243; _builder_version=&#8221;3.22&#8243; custom_padding=&#8221;80px|0px|54px|0px|false|false&#8221;][et_pb_row _builder_version=&#8221;3.25&#8243; use_custom_width=&#8221;on&#8221; custom_width_px__hover=&#8221;&#8221; custom_width_px__hover_enabled=&#8221;on&#8221; max_width__hover_enabled=&#8221;on&#8221;][et_pb_column type=&#8221;4_4&#8243; _builder_version=&#8221;3.25&#8243; custom_padding=&#8221;|||&#8221; custom_padding__hover=&#8221;|||&#8221;][et_pb_text _builder_version=&#8221;4.9.4&#8243; header_font=&#8221;||||||||&#8221; header_2_font=&#8221;|300|||||||&#8221; header_2_text_align=&#8221;center&#8221; header_2_text_color=&#8221;#63666a&#8221; header_2_font_size=&#8221;45px&#8221; hover_enabled=&#8221;0&#8243; header_2_font_size_tablet=&#8221;&#8221; header_2_font_size_phone=&#8221;36px&#8221; header_2_font_size_last_edited=&#8221;on|phone&#8221; sticky_enabled=&#8221;0&#8243;]<h2>My account<\/h2>[\/et_pb_text][et_pb_divider _builder_version=&#8221;3.19.18&#8243; max_width=&#8221;18%&#8221; module_alignment=&#8221;center&#8221;][\/et_pb_divider][\/et_pb_column][\/et_pb_row][et_pb_row use_custom_gutter=&#8221;on&#8221; gutter_width=&#8221;4&#8243; module_class=&#8221; et_pb_row_fullwidth&#8221; _builder_version=&#8221;3.25&#8243; background_size=&#8221;initial&#8221; background_position=&#8221;top_left&#8221; background_repeat=&#8221;repeat&#8221; width=&#8221;86%&#8221; width_tablet=&#8221;80%&#8221; width_phone=&#8221;&#8221; width_last_edited=&#8221;on|desktop&#8221; max_width=&#8221;86%&#8221; max_width_tablet=&#8221;80%&#8221; max_width_phone=&#8221;&#8221; max_width_last_edited=&#8221;on|desktop&#8221; custom_padding=&#8221;27px|0px|45px|0px|false|false&#8221; make_fullwidth=&#8221;on&#8221;][et_pb_column type=&#8221;4_4&#8243; _builder_version=&#8221;3.25&#8243; custom_padding=&#8221;|||&#8221; custom_padding__hover=&#8221;|||&#8221;][et_pb_text admin_label=&#8221;Shortcode Woocommerce cuenta cliente&#8221; _builder_version=&#8221;4.9.4&#8243; hover_enabled=&#8221;0&#8243; sticky_enabled=&#8221;0&#8243;]<div class=\"woocommerce\"><\/div>\n[\/et_pb_text][\/et_pb_column][\/et_pb_row][\/et_pb_section][et_pb_section fb_built=&#8221;1&#8243; admin_label=&#8221;Footer&#8221; _builder_version=&#8221;3.22&#8243; background_color=&#8221;#efefef&#8221; custom_padding=&#8221;0px||0||false|false&#8221; custom_padding_tablet=&#8221;0px||0px|&#8221; transparent_background=&#8221;off&#8221; collapsed=&#8221;off&#8221;][et_pb_row column_structure=&#8221;1_4,1_4,1_4,1_4&#8243; use_custom_gutter=&#8221;on&#8221; gutter_width=&#8221;2&#8243; custom_padding_last_edited=&#8221;on|desktop&#8221; admin_label=&#8221;Row&#8221; module_class=&#8221; et_pb_row_fullwidth et_pb_row_fullwidth et_pb_row_fullwidth et_pb_row_fullwidth et_pb_row_fullwidth et_pb_row_fullwidth et_pb_row_fullwidth et_pb_row_fullwidth et_pb_row_fullwidth et_pb_row_fullwidth et_pb_row_fullwidth et_pb_row_fullwidth&#8221; _builder_version=&#8221;3.25&#8243; background_size=&#8221;initial&#8221; background_position=&#8221;top_left&#8221; background_repeat=&#8221;repeat&#8221; width=&#8221;94%&#8221; width_tablet=&#8221;80%&#8221; width_phone=&#8221;&#8221; width_last_edited=&#8221;on|desktop&#8221; max_width=&#8221;94%&#8221; max_width_tablet=&#8221;80%&#8221; max_width_phone=&#8221;&#8221; max_width_last_edited=&#8221;on|desktop&#8221; custom_padding=&#8221;51px||29px||false|false&#8221; custom_padding_tablet=&#8221;&#8221; custom_padding_phone=&#8221;40px||&#8221; make_fullwidth=&#8221;on&#8221; custom_width_px=&#8221;1350px&#8221;][et_pb_column type=&#8221;1_4&#8243; _builder_version=&#8221;3.0.47&#8243; custom_padding=&#8221;|||&#8221; custom_padding__hover=&#8221;|||&#8221;][et_pb_image src=&#8221;https:\/\/www.centrosnarah.com\/wp-content\/uploads\/LOGO-NARAH-LIFE-BEAUTY-trans.png&#8221; title_text=&#8221;LOGO-NARAH-LIFE-BEAUTY-trans&#8221; align_tablet=&#8221;center&#8221; align_phone=&#8221;&#8221; align_last_edited=&#8221;on|desktop&#8221; _builder_version=&#8221;4.4.6&#8243; max_width=&#8221;75%&#8221; max_width_tablet=&#8221;50%&#8221; max_width_phone=&#8221;60%&#8221; max_width_last_edited=&#8221;on|phone&#8221; module_alignment=&#8221;center&#8221;][\/et_pb_image][\/et_pb_column][et_pb_column type=&#8221;1_4&#8243; _builder_version=&#8221;3.0.47&#8243; custom_padding=&#8221;|||&#8221; custom_padding_tablet=&#8221;&#8221; custom_padding_phone=&#8221;&#8221; custom_padding_last_edited=&#8221;on|phone&#8221; custom_padding__hover=&#8221;|||&#8221;][et_pb_blurb title=&#8221;Zaragoza Actur&#8221; use_icon=&#8221;on&#8221; font_icon=&#8221;%%122%%&#8221; icon_placement=&#8221;left&#8221; _builder_version=&#8221;3.25.3&#8243; header_font=&#8221;|||on|||||&#8221; header_text_color=&#8221;#63666a&#8221; header_font_size_tablet=&#8221;&#8221; header_font_size_phone=&#8221;16px&#8221; header_font_size_last_edited=&#8221;on|phone&#8221; body_font_size_tablet=&#8221;&#8221; body_font_size_phone=&#8221;15px&#8221; body_font_size_last_edited=&#8221;on|desktop&#8221; z_index_tablet=&#8221;500&#8243; header_text_shadow_horizontal_length_tablet=&#8221;0px&#8221; header_text_shadow_vertical_length_tablet=&#8221;0px&#8221; header_text_shadow_blur_strength_tablet=&#8221;1px&#8221; body_text_shadow_horizontal_length_tablet=&#8221;0px&#8221; body_text_shadow_vertical_length_tablet=&#8221;0px&#8221; body_text_shadow_blur_strength_tablet=&#8221;1px&#8221; body_link_text_shadow_horizontal_length_tablet=&#8221;0px&#8221; body_link_text_shadow_vertical_length_tablet=&#8221;0px&#8221; body_link_text_shadow_blur_strength_tablet=&#8221;1px&#8221; body_ul_text_shadow_horizontal_length_tablet=&#8221;0px&#8221; body_ul_text_shadow_vertical_length_tablet=&#8221;0px&#8221; body_ul_text_shadow_blur_strength_tablet=&#8221;1px&#8221; body_ol_text_shadow_horizontal_length_tablet=&#8221;0px&#8221; body_ol_text_shadow_vertical_length_tablet=&#8221;0px&#8221; body_ol_text_shadow_blur_strength_tablet=&#8221;1px&#8221; body_quote_text_shadow_horizontal_length_tablet=&#8221;0px&#8221; body_quote_text_shadow_vertical_length_tablet=&#8221;0px&#8221; body_quote_text_shadow_blur_strength_tablet=&#8221;1px&#8221; box_shadow_horizontal_tablet=&#8221;0px&#8221; box_shadow_vertical_tablet=&#8221;0px&#8221; box_shadow_blur_tablet=&#8221;40px&#8221; box_shadow_spread_tablet=&#8221;0px&#8221; box_shadow_horizontal_image_tablet=&#8221;0px&#8221; box_shadow_vertical_image_tablet=&#8221;0px&#8221; box_shadow_blur_image_tablet=&#8221;40px&#8221; box_shadow_spread_image_tablet=&#8221;0px&#8221; text_shadow_horizontal_length_tablet=&#8221;0px&#8221; text_shadow_vertical_length_tablet=&#8221;0px&#8221; text_shadow_blur_strength_tablet=&#8221;1px&#8221;]<p>Avda. G\u00f3mez de Avellaneda 22<br \/>50018 Zaragoza<br \/><i class=\"fas fa-phone\" style=\"margin-right: 10px; color: #d3b4a0;\"><\/i>659 619 536<\/p>[\/et_pb_blurb][\/et_pb_column][et_pb_column type=&#8221;1_4&#8243; _builder_version=&#8221;3.0.47&#8243; custom_padding=&#8221;|||&#8221; custom_padding_tablet=&#8221;&#8221; custom_padding_phone=&#8221;&#8221; custom_padding_last_edited=&#8221;on|phone&#8221; custom_padding__hover=&#8221;|||&#8221;][et_pb_blurb title=&#8221;Villanueva de G\u00e1llego&#8221; use_icon=&#8221;on&#8221; font_icon=&#8221;%%122%%&#8221; icon_placement=&#8221;left&#8221; _builder_version=&#8221;3.21&#8243; header_font=&#8221;|||on|||||&#8221; header_text_color=&#8221;#63666a&#8221; body_font=&#8221;||||||||&#8221; custom_padding_tablet=&#8221;&#8221; custom_padding_phone=&#8221;||10px&#8221; custom_padding_last_edited=&#8221;on|desktop&#8221; header_font_size_tablet=&#8221;&#8221; header_font_size_phone=&#8221;16px&#8221; header_font_size_last_edited=&#8221;on|phone&#8221; body_font_size_tablet=&#8221;&#8221; body_font_size_phone=&#8221;15px&#8221; body_font_size_last_edited=&#8221;on|desktop&#8221;]<p>Ronda Hispanidad 52<br \/>\n50830 Villanueva de G\u00e1llego<br \/>\n<i class=\"fas fa-phone\" style=\"margin-right:10px; color: #d3b4a0\"><\/i>659 619 536<\/p>[\/et_pb_blurb][\/et_pb_column][et_pb_column type=&#8221;1_4&#8243; _builder_version=&#8221;3.0.47&#8243; custom_padding=&#8221;|||&#8221; custom_padding_tablet=&#8221;&#8221; custom_padding_phone=&#8221;&#8221; custom_padding_last_edited=&#8221;on|phone&#8221; custom_padding__hover=&#8221;|||&#8221;][et_pb_text admin_label=&#8221;S\u00edguenos en las redes&#8221; _builder_version=&#8221;4.4.6&#8243; text_font=&#8221;Roboto|700||on|||||&#8221; text_text_color=&#8221;#848484&#8243; text_font_size=&#8221;18&#8243; text_line_height=&#8221;1.4em&#8221; background_size=&#8221;initial&#8221; background_position=&#8221;top_left&#8221; background_repeat=&#8221;repeat&#8221; text_orientation=&#8221;center&#8221; custom_margin=&#8221;||8px|&#8221; use_border_color=&#8221;off&#8221; border_color=&#8221;#ffffff&#8221; border_style=&#8221;solid&#8221;]<p>S\u00edguenos en las redes<\/p>[\/et_pb_text][et_pb_social_media_follow admin_label=&#8221;Social Media Follow&#8221; _builder_version=&#8221;4.4.6&#8243; text_orientation=&#8221;center&#8221; border_radii=&#8221;on|100%|100%|100%|100%&#8221; link_shape=&#8221;circle&#8221;][et_pb_social_media_follow_network social_network=&#8221;facebook&#8221; url=&#8221;https:\/\/www.facebook.com\/centrosnarah&#8221; _builder_version=&#8221;4.4.6&#8243; background_color=&#8221;#d3b4a0&#8243; bg_color=&#8221;#3b5998&#8243; link_shape=&#8221;circle&#8221; follow_button=&#8221;off&#8221; url_new_window=&#8221;on&#8221;]facebook[\/et_pb_social_media_follow_network][et_pb_social_media_follow_network social_network=&#8221;twitter&#8221; url=&#8221;https:\/\/twitter.com\/masajesalbert&#8221; _builder_version=&#8221;3.21&#8243; background_color=&#8221;#d3b4a0&#8243; bg_color=&#8221;#cb2027&#8243; link_shape=&#8221;circle&#8221; follow_button=&#8221;off&#8221; url_new_window=&#8221;on&#8221;]twitter[\/et_pb_social_media_follow_network][et_pb_social_media_follow_network social_network=&#8221;instagram&#8221; url=&#8221;https:\/\/www.instagram.com\/centrosnarah\/&#8221; _builder_version=&#8221;4.4.6&#8243; background_color=&#8221;#d3b4a0&#8243; bg_color=&#8221;#00aced&#8221; link_shape=&#8221;circle&#8221; follow_button=&#8221;off&#8221; url_new_window=&#8221;on&#8221;]instagram[\/et_pb_social_media_follow_network][et_pb_social_media_follow_network social_network=&#8221;linkedin&#8221; url=&#8221;https:\/\/www.linkedin.com\/in\/ricardo-albert\/&#8221; _builder_version=&#8221;4.4.6&#8243; background_color=&#8221;#d3b4a0&#8243; bg_color=&#8221;#dd4b39&#8243; link_shape=&#8221;circle&#8221; follow_button=&#8221;off&#8221; url_new_window=&#8221;on&#8221;]linkedin[\/et_pb_social_media_follow_network][\/et_pb_social_media_follow][\/et_pb_column][\/et_pb_row][\/et_pb_section]","protected":false},"excerpt":{"rendered":"<p>Customer areaMy account<div class=\"woocommerce\"><\/div>Avda. G\u00f3mez de Avellaneda 2250018 Zaragoza659 619 536Ronda Hispanidad 52 50830 Villanueva de G\u00e1llego 659 619 536S\u00edguenos en las redes<\/p>\n","protected":false},"author":1,"featured_media":0,"parent":0,"menu_order":0,"comment_status":"closed","ping_status":"closed","template":"","meta":{"_et_pb_use_builder":"on","_et_pb_old_content":"<!-- wp:shortcode -->[woocommerce_my_account]<!-- \/wp:shortcode -->","_et_gb_content_width":""},"yoast_head":"<!-- This site is optimized with the Yoast SEO plugin v21.8.1 - https:\/\/yoast.com\/wordpress\/plugins\/seo\/ -->\n<title>My account - Centros N\u00e4rah - Life &amp; Beauty<\/title>\n<meta name=\"robots\" content=\"index, follow, max-snippet:-1, max-image-preview:large, max-video-preview:-1\" \/>\n<link rel=\"canonical\" href=\"https:\/\/www.centrosnarah.com\/en\/my-account\/\" \/>\n<meta property=\"og:locale\" content=\"en_US\" \/>\n<meta property=\"og:type\" content=\"article\" \/>\n<meta property=\"og:title\" content=\"My account - Centros N\u00e4rah - Life &amp; Beauty\" \/>\n<meta property=\"og:description\" content=\"Customer areaMy accountAvda. G\u00f3mez de Avellaneda 2250018 Zaragoza659 619 536Ronda Hispanidad 52 50830 Villanueva de G\u00e1llego 659 619 536S\u00edguenos en las redes\" \/>\n<meta property=\"og:url\" content=\"https:\/\/www.centrosnarah.com\/en\/my-account\/\" \/>\n<meta property=\"og:site_name\" content=\"Centros N\u00e4rah - Life &amp; Beauty\" \/>\n<meta property=\"article:publisher\" content=\"https:\/\/www.facebook.com\/centrosnarah\" \/>\n<meta property=\"article:modified_time\" content=\"2021-05-09T18:05:59+00:00\" \/>\n<meta name=\"twitter:card\" content=\"summary_large_image\" \/>\n<meta name=\"twitter:site\" content=\"@masajesalbert\" \/>\n<meta name=\"twitter:label1\" content=\"Est. reading time\" \/>\n\t<meta name=\"twitter:data1\" content=\"7 minutes\" \/>\n<script type=\"application\/ld+json\" class=\"yoast-schema-graph\">{\"@context\":\"https:\/\/schema.org\",\"@graph\":[{\"@type\":\"WebPage\",\"@id\":\"https:\/\/www.centrosnarah.com\/en\/my-account\/\",\"url\":\"https:\/\/www.centrosnarah.com\/en\/my-account\/\",\"name\":\"My account - Centros N\u00e4rah - Life &amp; Beauty\",\"isPartOf\":{\"@id\":\"https:\/\/www.centrosnarah.com\/#website\"},\"datePublished\":\"2020-06-12T11:05:35+00:00\",\"dateModified\":\"2021-05-09T18:05:59+00:00\",\"breadcrumb\":{\"@id\":\"https:\/\/www.centrosnarah.com\/en\/my-account\/#breadcrumb\"},\"inLanguage\":\"en-US\",\"potentialAction\":[{\"@type\":\"ReadAction\",\"target\":[\"https:\/\/www.centrosnarah.com\/en\/my-account\/\"]}]},{\"@type\":\"BreadcrumbList\",\"@id\":\"https:\/\/www.centrosnarah.com\/en\/my-account\/#breadcrumb\",\"itemListElement\":[{\"@type\":\"ListItem\",\"position\":1,\"name\":\"Portada\",\"item\":\"https:\/\/www.centrosnarah.com\/en\/\"},{\"@type\":\"ListItem\",\"position\":2,\"name\":\"My account\"}]},{\"@type\":\"WebSite\",\"@id\":\"https:\/\/www.centrosnarah.com\/#website\",\"url\":\"https:\/\/www.centrosnarah.com\/\",\"name\":\"Centros N\u00e4rah - Life &amp; Beauty\",\"description\":\"Centros N\u00e4rah - Life &amp; Beauty. Especialistas en el cuidado de cuerpo y mente.\",\"publisher\":{\"@id\":\"https:\/\/www.centrosnarah.com\/#organization\"},\"potentialAction\":[{\"@type\":\"SearchAction\",\"target\":{\"@type\":\"EntryPoint\",\"urlTemplate\":\"https:\/\/www.centrosnarah.com\/?s={search_term_string}\"},\"query-input\":\"required name=search_term_string\"}],\"inLanguage\":\"en-US\"},{\"@type\":\"Organization\",\"@id\":\"https:\/\/www.centrosnarah.com\/#organization\",\"name\":\"Centros Narah | Belleza y Salud en Zaragoza\",\"url\":\"https:\/\/www.centrosnarah.com\/\",\"logo\":{\"@type\":\"ImageObject\",\"inLanguage\":\"en-US\",\"@id\":\"https:\/\/www.centrosnarah.com\/#\/schema\/logo\/image\/\",\"url\":\"https:\/\/www.centrosnarah.com\/wp-content\/uploads\/LOGO-NARAH-LIFE-BEAUTY-trans.png\",\"contentUrl\":\"https:\/\/www.centrosnarah.com\/wp-content\/uploads\/LOGO-NARAH-LIFE-BEAUTY-trans.png\",\"width\":839,\"height\":344,\"caption\":\"Centros Narah | Belleza y Salud en Zaragoza\"},\"image\":{\"@id\":\"https:\/\/www.centrosnarah.com\/#\/schema\/logo\/image\/\"},\"sameAs\":[\"https:\/\/www.facebook.com\/centrosnarah\",\"https:\/\/twitter.com\/masajesalbert\",\"https:\/\/www.instagram.com\/centrosnarah\/\",\"https:\/\/www.linkedin.com\/in\/ricardo-albert\/\",\"https:\/\/www.youtube.com\/watch?v=PZ3ejXGnhWY\"]}]}<\/script>\n<!-- \/ Yoast SEO plugin. -->","yoast_head_json":{"title":"My account - Centros N\u00e4rah - Life &amp; Beauty","robots":{"index":"index","follow":"follow","max-snippet":"max-snippet:-1","max-image-preview":"max-image-preview:large","max-video-preview":"max-video-preview:-1"},"canonical":"https:\/\/www.centrosnarah.com\/en\/my-account\/","og_locale":"en_US","og_type":"article","og_title":"My account - Centros N\u00e4rah - Life &amp; Beauty","og_description":"Customer areaMy accountAvda. G\u00f3mez de Avellaneda 2250018 Zaragoza659 619 536Ronda Hispanidad 52 50830 Villanueva de G\u00e1llego 659 619 536S\u00edguenos en las redes","og_url":"https:\/\/www.centrosnarah.com\/en\/my-account\/","og_site_name":"Centros N\u00e4rah - Life &amp; Beauty","article_publisher":"https:\/\/www.facebook.com\/centrosnarah","article_modified_time":"2021-05-09T18:05:59+00:00","twitter_card":"summary_large_image","twitter_site":"@masajesalbert","twitter_misc":{"Est. reading time":"7 minutes"},"schema":{"@context":"https:\/\/schema.org","@graph":[{"@type":"WebPage","@id":"https:\/\/www.centrosnarah.com\/en\/my-account\/","url":"https:\/\/www.centrosnarah.com\/en\/my-account\/","name":"My account - Centros N\u00e4rah - Life &amp; Beauty","isPartOf":{"@id":"https:\/\/www.centrosnarah.com\/#website"},"datePublished":"2020-06-12T11:05:35+00:00","dateModified":"2021-05-09T18:05:59+00:00","breadcrumb":{"@id":"https:\/\/www.centrosnarah.com\/en\/my-account\/#breadcrumb"},"inLanguage":"en-US","potentialAction":[{"@type":"ReadAction","target":["https:\/\/www.centrosnarah.com\/en\/my-account\/"]}]},{"@type":"BreadcrumbList","@id":"https:\/\/www.centrosnarah.com\/en\/my-account\/#breadcrumb","itemListElement":[{"@type":"ListItem","position":1,"name":"Portada","item":"https:\/\/www.centrosnarah.com\/en\/"},{"@type":"ListItem","position":2,"name":"My account"}]},{"@type":"WebSite","@id":"https:\/\/www.centrosnarah.com\/#website","url":"https:\/\/www.centrosnarah.com\/","name":"Centros N\u00e4rah - Life &amp; Beauty","description":"Centros N\u00e4rah - Life &amp; Beauty. Especialistas en el cuidado de cuerpo y mente.","publisher":{"@id":"https:\/\/www.centrosnarah.com\/#organization"},"potentialAction":[{"@type":"SearchAction","target":{"@type":"EntryPoint","urlTemplate":"https:\/\/www.centrosnarah.com\/?s={search_term_string}"},"query-input":"required name=search_term_string"}],"inLanguage":"en-US"},{"@type":"Organization","@id":"https:\/\/www.centrosnarah.com\/#organization","name":"Centros Narah | Belleza y Salud en Zaragoza","url":"https:\/\/www.centrosnarah.com\/","logo":{"@type":"ImageObject","inLanguage":"en-US","@id":"https:\/\/www.centrosnarah.com\/#\/schema\/logo\/image\/","url":"https:\/\/www.centrosnarah.com\/wp-content\/uploads\/LOGO-NARAH-LIFE-BEAUTY-trans.png","contentUrl":"https:\/\/www.centrosnarah.com\/wp-content\/uploads\/LOGO-NARAH-LIFE-BEAUTY-trans.png","width":839,"height":344,"caption":"Centros Narah | Belleza y Salud en Zaragoza"},"image":{"@id":"https:\/\/www.centrosnarah.com\/#\/schema\/logo\/image\/"},"sameAs":["https:\/\/www.facebook.com\/centrosnarah","https:\/\/twitter.com\/masajesalbert","https:\/\/www.instagram.com\/centrosnarah\/","https:\/\/www.linkedin.com\/in\/ricardo-albert\/","https:\/\/www.youtube.com\/watch?v=PZ3ejXGnhWY"]}]}},"_links":{"self":[{"href":"https:\/\/www.centrosnarah.com\/en\/wp-json\/wp\/v2\/pages\/233755"}],"collection":[{"href":"https:\/\/www.centrosnarah.com\/en\/wp-json\/wp\/v2\/pages"}],"about":[{"href":"https:\/\/www.centrosnarah.com\/en\/wp-json\/wp\/v2\/types\/page"}],"author":[{"embeddable":true,"href":"https:\/\/www.centrosnarah.com\/en\/wp-json\/wp\/v2\/users\/1"}],"replies":[{"embeddable":true,"href":"https:\/\/www.centrosnarah.com\/en\/wp-json\/wp\/v2\/comments?post=233755"}],"version-history":[{"count":3,"href":"https:\/\/www.centrosnarah.com\/en\/wp-json\/wp\/v2\/pages\/233755\/revisions"}],"predecessor-version":[{"id":233760,"href":"https:\/\/www.centrosnarah.com\/en\/wp-json\/wp\/v2\/pages\/233755\/revisions\/233760"}],"wp:attachment":[{"href":"https:\/\/www.centrosnarah.com\/en\/wp-json\/wp\/v2\/media?parent=233755"}],"curies":[{"name":"wp","href":"https:\/\/api.w.org\/{rel}","templated":true}]}}