{"id":233674,"date":"2018-03-11T19:22:04","date_gmt":"2018-03-11T18:22:04","guid":{"rendered":"https:\/\/www.centrosnarah.com\/aviso-legal\/"},"modified":"2021-05-09T19:03:38","modified_gmt":"2021-05-09T17:03:38","slug":"legal-notice","status":"publish","type":"page","link":"https:\/\/www.centrosnarah.com\/en\/legal-notice\/","title":{"rendered":"Legal Notice"},"content":{"rendered":"<p>[et_pb_section fb_built=&#8221;1&#8243; admin_label=&#8221;Hero Section&#8221; _builder_version=&#8221;3.22&#8243; background_color_gradient_direction=&#8221;131deg&#8221; background_image=&#8221;https:\/\/www.centrosnarah.com\/wp-content\/uploads\/Header_belleza_facial.jpg&#8221; custom_padding=&#8221;80px|0px|80px|0px|false|false&#8221; animation_style=&#8221;slide&#8221; animation_direction=&#8221;top&#8221; animation_intensity_slide=&#8221;2%&#8221; animation_starting_opacity=&#8221;100%&#8221; locked=&#8221;off&#8221;][et_pb_row custom_padding_last_edited=&#8221;on|desktop&#8221; _builder_version=&#8221;4.6.3&#8243; background_color=&#8221;rgba(255,255,255,0.64)&#8221; background_size=&#8221;initial&#8221; background_position=&#8221;top_left&#8221; background_repeat=&#8221;repeat&#8221; max_width=&#8221;399px&#8221; custom_padding=&#8221;5px||5px||true&#8221; custom_padding_tablet=&#8221;&#8221; custom_padding_phone=&#8221;&#8221; use_custom_width=&#8221;on&#8221; custom_width_px=&#8221;300px&#8221;][et_pb_column type=&#8221;4_4&#8243; _builder_version=&#8221;3.25&#8243; custom_padding=&#8221;|||&#8221; custom_padding__hover=&#8221;|||&#8221;][et_pb_text admin_label=&#8221;Texto Aviso Legal&#8221; _builder_version=&#8221;4.6.3&#8243; text_font=&#8221;||||||||&#8221; header_font=&#8221;Montserrat|300|||||||&#8221; header_text_color=&#8221;#848484&#8243; header_font_size=&#8221;56px&#8221; header_line_height=&#8221;1.5em&#8221; background_size=&#8221;initial&#8221; background_position=&#8221;top_left&#8221; background_repeat=&#8221;repeat&#8221; text_orientation=&#8221;center&#8221; module_alignment=&#8221;center&#8221; custom_margin=&#8221;||0px|&#8221; header_font_size_tablet=&#8221;55px&#8221; header_font_size_phone=&#8221;50px&#8221; header_font_size_last_edited=&#8221;on|phone&#8221; locked=&#8221;off&#8221;]<\/p>\n<h1>Aviso Legal<\/h1>\n<p>[\/et_pb_text][\/et_pb_column][\/et_pb_row][\/et_pb_section][et_pb_section fb_built=&#8221;1&#8243; _builder_version=&#8221;3.22&#8243; custom_padding=&#8221;0|0px|53.1094px|0px|false|false&#8221;][et_pb_row _builder_version=&#8221;3.25&#8243; background_size=&#8221;initial&#8221; background_position=&#8221;top_left&#8221; background_repeat=&#8221;repeat&#8221;][et_pb_column type=&#8221;4_4&#8243; _builder_version=&#8221;3.25&#8243; custom_padding=&#8221;|||&#8221; custom_padding__hover=&#8221;|||&#8221;][et_pb_text _builder_version=&#8221;4.9.3&#8243; background_size=&#8221;initial&#8221; background_position=&#8221;top_left&#8221; background_repeat=&#8221;repeat&#8221;]<\/p>\n<h2>\u00bfQui\u00e9n es el responsable de tus datos?<\/h2>\n<p>En cumplimiento del art\u00edculo 10 de la Ley 34\/2002, de \u00a011 de julio, de Servicios de la Sociedad de la Informaci\u00f3n y Comercio Electr\u00f3nico (LSSICE) a continuaci\u00f3n se detallan los datos identificativos de la entidad:<\/p>\n<p><b>Raz\u00f3n social: N\u00e4rah Life &amp; Beauty S.L<\/b><br \/><b>NIF:<\/b>B42745349<\/p>\n<p><b><\/b><b>Direcci\u00f3n: <\/b>Ronda Hispanidad 52 &#8211; 50830 &#8211; Villanueva de G\u00e1llego-Zaragoza &#8211; Espa\u00f1a<br \/><b>Tel\u00e9fono: <\/b><a href=\"tel:659619536\">659619536<\/a><br \/><b>Email:<\/b> <a href=\"mailto:info@centrosnarah.com\">info@centrosnarah.com<\/a><\/p>\n<h2>Finalidad de la p\u00e1gina web<\/h2>\n<p>La web tiene como finalidad la de informar sobre la empresa y los productos y\/o servicios ofertados. El sector principal de la web es el de servicios y productos de belleza.<\/p>\n<p>El presente aviso legal (en adelante, el &#8220;Aviso Legal&#8221;) regula el uso del sitio web:<a href=\"https:\/\/www.centrosnarah.com\/en\/\"> www.centrosnarah.com<\/a><\/p>\n<h2>Legislaci\u00f3n<\/h2>\n<p>Con car\u00e1cter general las relaciones entre N\u00e4rah Life &amp; Beauty S.L y los Usuarios de sus servicios telem\u00e1ticos, presentes en este sitio web, se encuentran sometidas a la legislaci\u00f3n y jurisdicci\u00f3n espa\u00f1olas.<\/p>\n<h2>Uso y acceso de usuarios<\/h2>\n<p>El Usuario queda informado, y acepta, que el acceso a la presente web no supone, en modo alguno, el inicio de una relaci\u00f3n comercial con N\u00e4rah Life &amp; Beauty S.L o cualquiera de sus delegaciones.<\/p>\n<h2>Propiedad intelectual e industrial<\/h2>\n<p>Los derechos de propiedad intelectual del contenido de las p\u00e1ginas web, su dise\u00f1o gr\u00e1fico y c\u00f3digos son titularidad de N\u00c4RAH LIFE &amp; BEAUTY S.L y, por tanto, queda prohibida su reproducci\u00f3n, distribuci\u00f3n, comunicaci\u00f3n p\u00fablica, transformaci\u00f3n o cualquier otra actividad que se pueda realizar con los contenidos de sus p\u00e1ginas web ni aun citando las fuentes, salvo consentimiento por escrito de N\u00c4RAH LIFE &amp; BEAUTY S.L.<\/p>\n<h2>Contenido de la web y enlaces (links)<\/h2>\n<p>N\u00c4RAH LIFE &amp; BEAUTY S.L\u00a0 se reserva el derecho a actualizar, modificar o eliminar la informaci\u00f3n contenida en sus p\u00e1ginas web pudiendo incluso limitar o no permitir el acceso a dicha informaci\u00f3n a ciertos usuarios.<\/p>\n<p>N\u00c4RAH LIFE &amp; BEAUTY S.L no asume responsabilidad alguna por la informaci\u00f3n contenida en p\u00e1ginas web de terceros a las que se pueda acceder por &#8220;links&#8221; o enlaces desde cualquier p\u00e1gina web propiedad de RICARDO ALBERT GARCIA . La presencia de &#8220;links&#8221; o enlaces en las p\u00e1ginas web de N\u00c4RAH LIFE &amp; BEAUTY S.L tiene finalidad meramente informativa y en ning\u00fan caso supone sugerencia, invitaci\u00f3n o recomendaci\u00f3n sobre los mismos.<\/p>\n<p>[\/et_pb_text][\/et_pb_column][\/et_pb_row][\/et_pb_section][et_pb_section fb_built=&#8221;1&#8243; admin_label=&#8221;Footer&#8221; _builder_version=&#8221;3.22&#8243; background_color=&#8221;#efefef&#8221; custom_padding=&#8221;0px||0||false|false&#8221; custom_padding_tablet=&#8221;0px||0px|&#8221; transparent_background=&#8221;off&#8221; collapsed=&#8221;off&#8221; global_module=&#8221;233709&#8243;][et_pb_row column_structure=&#8221;1_4,1_4,1_4,1_4&#8243; use_custom_gutter=&#8221;on&#8221; gutter_width=&#8221;2&#8243; custom_padding_last_edited=&#8221;on|desktop&#8221; admin_label=&#8221;Row&#8221; module_class=&#8221; et_pb_row_fullwidth et_pb_row_fullwidth et_pb_row_fullwidth et_pb_row_fullwidth et_pb_row_fullwidth et_pb_row_fullwidth et_pb_row_fullwidth et_pb_row_fullwidth et_pb_row_fullwidth et_pb_row_fullwidth et_pb_row_fullwidth et_pb_row_fullwidth&#8221; _builder_version=&#8221;3.25&#8243; background_size=&#8221;initial&#8221; background_position=&#8221;top_left&#8221; background_repeat=&#8221;repeat&#8221; width=&#8221;94%&#8221; width_tablet=&#8221;80%&#8221; width_phone=&#8221;&#8221; width_last_edited=&#8221;on|desktop&#8221; max_width=&#8221;94%&#8221; max_width_tablet=&#8221;80%&#8221; max_width_phone=&#8221;&#8221; max_width_last_edited=&#8221;on|desktop&#8221; custom_padding=&#8221;51px||29px||false|false&#8221; custom_padding_tablet=&#8221;&#8221; custom_padding_phone=&#8221;40px||&#8221; make_fullwidth=&#8221;on&#8221; custom_width_px=&#8221;1350px&#8221;][et_pb_column type=&#8221;1_4&#8243; _builder_version=&#8221;3.0.47&#8243; custom_padding=&#8221;|||&#8221; custom_padding__hover=&#8221;|||&#8221;][et_pb_image src=&#8221;https:\/\/www.centrosnarah.com\/wp-content\/uploads\/LOGO-NARAH-LIFE-BEAUTY-trans.png&#8221; title_text=&#8221;LOGO-NARAH-LIFE-BEAUTY-trans&#8221; align_tablet=&#8221;center&#8221; align_phone=&#8221;&#8221; align_last_edited=&#8221;on|desktop&#8221; _builder_version=&#8221;4.4.6&#8243; max_width=&#8221;75%&#8221; max_width_tablet=&#8221;50%&#8221; max_width_phone=&#8221;60%&#8221; max_width_last_edited=&#8221;on|phone&#8221; module_alignment=&#8221;center&#8221;][\/et_pb_image][\/et_pb_column][et_pb_column type=&#8221;1_4&#8243; _builder_version=&#8221;3.0.47&#8243; custom_padding=&#8221;|||&#8221; custom_padding_tablet=&#8221;&#8221; custom_padding_phone=&#8221;&#8221; custom_padding_last_edited=&#8221;on|phone&#8221; custom_padding__hover=&#8221;|||&#8221;][et_pb_blurb title=&#8221;Zaragoza Actur&#8221; use_icon=&#8221;on&#8221; font_icon=&#8221;%%122%%&#8221; icon_placement=&#8221;left&#8221; _builder_version=&#8221;3.25.3&#8243; header_font=&#8221;|||on|||||&#8221; header_text_color=&#8221;#63666a&#8221; header_font_size_tablet=&#8221;&#8221; header_font_size_phone=&#8221;16px&#8221; header_font_size_last_edited=&#8221;on|phone&#8221; body_font_size_tablet=&#8221;&#8221; body_font_size_phone=&#8221;15px&#8221; body_font_size_last_edited=&#8221;on|desktop&#8221; z_index_tablet=&#8221;500&#8243; header_text_shadow_horizontal_length_tablet=&#8221;0px&#8221; header_text_shadow_vertical_length_tablet=&#8221;0px&#8221; header_text_shadow_blur_strength_tablet=&#8221;1px&#8221; body_text_shadow_horizontal_length_tablet=&#8221;0px&#8221; body_text_shadow_vertical_length_tablet=&#8221;0px&#8221; body_text_shadow_blur_strength_tablet=&#8221;1px&#8221; body_link_text_shadow_horizontal_length_tablet=&#8221;0px&#8221; body_link_text_shadow_vertical_length_tablet=&#8221;0px&#8221; body_link_text_shadow_blur_strength_tablet=&#8221;1px&#8221; body_ul_text_shadow_horizontal_length_tablet=&#8221;0px&#8221; body_ul_text_shadow_vertical_length_tablet=&#8221;0px&#8221; body_ul_text_shadow_blur_strength_tablet=&#8221;1px&#8221; body_ol_text_shadow_horizontal_length_tablet=&#8221;0px&#8221; body_ol_text_shadow_vertical_length_tablet=&#8221;0px&#8221; body_ol_text_shadow_blur_strength_tablet=&#8221;1px&#8221; body_quote_text_shadow_horizontal_length_tablet=&#8221;0px&#8221; body_quote_text_shadow_vertical_length_tablet=&#8221;0px&#8221; body_quote_text_shadow_blur_strength_tablet=&#8221;1px&#8221; box_shadow_horizontal_tablet=&#8221;0px&#8221; box_shadow_vertical_tablet=&#8221;0px&#8221; box_shadow_blur_tablet=&#8221;40px&#8221; box_shadow_spread_tablet=&#8221;0px&#8221; box_shadow_horizontal_image_tablet=&#8221;0px&#8221; box_shadow_vertical_image_tablet=&#8221;0px&#8221; box_shadow_blur_image_tablet=&#8221;40px&#8221; box_shadow_spread_image_tablet=&#8221;0px&#8221; text_shadow_horizontal_length_tablet=&#8221;0px&#8221; text_shadow_vertical_length_tablet=&#8221;0px&#8221; text_shadow_blur_strength_tablet=&#8221;1px&#8221;]<\/p>\n<p>Avda. G\u00f3mez de Avellaneda 22<br \/>50018 Zaragoza<br \/><i class=\"fas fa-phone\" style=\"margin-right: 10px; color: #d3b4a0;\"><\/i>659 619 536<\/p>\n<p>[\/et_pb_blurb][\/et_pb_column][et_pb_column type=&#8221;1_4&#8243; _builder_version=&#8221;3.0.47&#8243; custom_padding=&#8221;|||&#8221; custom_padding_tablet=&#8221;&#8221; custom_padding_phone=&#8221;&#8221; custom_padding_last_edited=&#8221;on|phone&#8221; custom_padding__hover=&#8221;|||&#8221;][et_pb_blurb title=&#8221;Villanueva de G\u00e1llego&#8221; use_icon=&#8221;on&#8221; font_icon=&#8221;%%122%%&#8221; icon_placement=&#8221;left&#8221; _builder_version=&#8221;3.21&#8243; header_font=&#8221;|||on|||||&#8221; header_text_color=&#8221;#63666a&#8221; body_font=&#8221;||||||||&#8221; custom_padding_tablet=&#8221;&#8221; custom_padding_phone=&#8221;||10px&#8221; custom_padding_last_edited=&#8221;on|desktop&#8221; header_font_size_tablet=&#8221;&#8221; header_font_size_phone=&#8221;16px&#8221; header_font_size_last_edited=&#8221;on|phone&#8221; body_font_size_tablet=&#8221;&#8221; body_font_size_phone=&#8221;15px&#8221; body_font_size_last_edited=&#8221;on|desktop&#8221;]<\/p>\n<p>Ronda Hispanidad 52<br \/>\n50830 Villanueva de G\u00e1llego<br \/>\n<i class=\"fas fa-phone\" style=\"margin-right:10px; color: #d3b4a0\"><\/i>659 619 536<\/p>\n<p>[\/et_pb_blurb][\/et_pb_column][et_pb_column type=&#8221;1_4&#8243; _builder_version=&#8221;3.0.47&#8243; custom_padding=&#8221;|||&#8221; custom_padding_tablet=&#8221;&#8221; custom_padding_phone=&#8221;&#8221; custom_padding_last_edited=&#8221;on|phone&#8221; custom_padding__hover=&#8221;|||&#8221;][et_pb_text admin_label=&#8221;Follow us&#8221; _builder_version=&#8221;4.9.4&#8243; text_font=&#8221;Roboto|700||on|||||&#8221; text_text_color=&#8221;#848484&#8243; text_font_size=&#8221;18&#8243; text_line_height=&#8221;1.4em&#8221; background_size=&#8221;initial&#8221; background_position=&#8221;top_left&#8221; background_repeat=&#8221;repeat&#8221; text_orientation=&#8221;center&#8221; custom_margin=&#8221;||8px|&#8221; use_border_color=&#8221;off&#8221; border_color=&#8221;#ffffff&#8221; border_style=&#8221;solid&#8221;]<\/p>\n<p>Follow us<\/p>\n<p>[\/et_pb_text][et_pb_social_media_follow admin_label=&#8221;Social Media Follow&#8221; _builder_version=&#8221;4.6.6&#8243; text_orientation=&#8221;center&#8221; custom_css_social_icon=&#8221;padding: 3px;||margin: 10px;&#8221; border_radii=&#8221;on|100%|100%|100%|100%&#8221; link_shape=&#8221;circle&#8221;][et_pb_social_media_follow_network social_network=&#8221;facebook&#8221; url=&#8221;https:\/\/www.facebook.com\/centrosnarah\/&#8221; _builder_version=&#8221;4.6.6&#8243; background_color=&#8221;#d3b4a0&#8243; bg_color=&#8221;#3b5998&#8243; link_shape=&#8221;circle&#8221; follow_button=&#8221;off&#8221; url_new_window=&#8221;on&#8221;]facebook[\/et_pb_social_media_follow_network][et_pb_social_media_follow_network social_network=&#8221;twitter&#8221; url=&#8221;https:\/\/mobile.twitter.com\/centrosnarah&#8221; _builder_version=&#8221;4.6.6&#8243; background_color=&#8221;#d3b4a0&#8243; bg_color=&#8221;#cb2027&#8243; link_shape=&#8221;circle&#8221; follow_button=&#8221;off&#8221; url_new_window=&#8221;on&#8221;]twitter[\/et_pb_social_media_follow_network][et_pb_social_media_follow_network social_network=&#8221;instagram&#8221; url=&#8221;https:\/\/www.instagram.com\/centrosnarah\/&#8221; _builder_version=&#8221;4.4.6&#8243; background_color=&#8221;#d3b4a0&#8243; bg_color=&#8221;#00aced&#8221; link_shape=&#8221;circle&#8221; follow_button=&#8221;off&#8221; url_new_window=&#8221;on&#8221;]instagram[\/et_pb_social_media_follow_network][et_pb_social_media_follow_network social_network=&#8221;linkedin&#8221; url=&#8221;https:\/\/www.linkedin.com\/in\/ricardo-albert\/&#8221; _builder_version=&#8221;4.4.6&#8243; background_color=&#8221;#d3b4a0&#8243; bg_color=&#8221;#dd4b39&#8243; link_shape=&#8221;circle&#8221; follow_button=&#8221;off&#8221; url_new_window=&#8221;on&#8221;]linkedin[\/et_pb_social_media_follow_network][et_pb_social_media_follow_network social_network=&#8221;youtube&#8221; url=&#8221;https:\/\/www.youtube.com\/channel\/UCqQv2qH4w1axzf45z8lComQ&#8221; _builder_version=&#8221;4.6.6&#8243; _module_preset=&#8221;default&#8221; background_color=&#8221;#d3b4a0&#8243; link_shape=&#8221;circle&#8221; follow_button=&#8221;off&#8221; url_new_window=&#8221;on&#8221;]youtube[\/et_pb_social_media_follow_network][\/et_pb_social_media_follow][\/et_pb_column][\/et_pb_row][\/et_pb_section]<\/p>\n","protected":false},"excerpt":{"rendered":"<p>Aviso Legal\u00bfQui\u00e9n es el responsable de tus datos? En cumplimiento del art\u00edculo 10 de la Ley 34\/2002, de \u00a011 de julio, de Servicios de la Sociedad de la Informaci\u00f3n y Comercio Electr\u00f3nico (LSSICE) a continuaci\u00f3n se detallan los datos identificativos de la entidad: Raz\u00f3n social: N\u00e4rah Life &amp; Beauty S.LNIF:B42745349 Direcci\u00f3n: Ronda Hispanidad 52 &#8211; [&hellip;]<\/p>\n","protected":false},"author":1,"featured_media":0,"parent":0,"menu_order":0,"comment_status":"closed","ping_status":"closed","template":"","meta":{"_et_pb_use_builder":"on","_et_pb_old_content":"<h3>Informaci\u00f3n sobre Datos Personales<\/h3>\r\nEn cumplimiento de lo dispuesto en la Ley Org\u00e1nica 15\/1999 de 13 de Diciembre, de Protecci\u00f3n de Datos de car\u00e1cter personal, se le informa que los datos facilitados por Ud. podr\u00e1n ser incorporados a un fichero de datos de cuyo tratamiento es responsable D. Ricardo Albert Garc\u00eda con domicilio en Avda. Gertrudis G\u00f3mez de Avellaneda 39, 50018, Zaragoza. CIF: 72.967.703-L.\r\n\r\nLos tratamientos de datos se realizar\u00e1n exclusivamente para finalidades propias de la relaci\u00f3n jur\u00eddica que le vincule con Ud. y ofrecerle informaci\u00f3n sobre actividades, as\u00ed como de materias propias de la actividad desarrollada por D. Ricardo Albert Garc\u00eda.\r\n\r\nIgualmente informamos que podr\u00e1 ejercitar sus derechos de acceso, rectificaci\u00f3n y cancelaci\u00f3n, as\u00ed como oponerse a su tratamiento, en los t\u00e9rminos legalmente previstos, dirigiendo un escrito en dicho sentido al responsable del fichero, en la direcci\u00f3n arriba indicada.\r\n\r\n<h3>Propiedad Intelectual<\/h3>\r\n\r\nD. Ricardo Albert Garc\u00eda ostenta todos los derechos de propiedad intelectual de este sitio\r\n\r\n<h3>Direcci\u00f3n IP<\/h3>\r\nEste sitio puede capturar su direcci\u00f3n IP y otros datos de tr\u00e1fico.\u00a0D. Ricardo Albert Garc\u00eda no realizar\u00e1 ileg\u00edtimamente tratamientos de dichos datos con independencia de aquellos que se consideren procedentes para gestionar correctamente su conexi\u00f3n.","_et_gb_content_width":""},"yoast_head":"<!-- This site is optimized with the Yoast SEO plugin v21.8.1 - https:\/\/yoast.com\/wordpress\/plugins\/seo\/ -->\n<title>Legal Notice - Centros N\u00e4rah - Life &amp; Beauty<\/title>\n<meta name=\"robots\" content=\"index, follow, max-snippet:-1, max-image-preview:large, max-video-preview:-1\" \/>\n<link rel=\"canonical\" href=\"https:\/\/www.centrosnarah.com\/en\/legal-notice\/\" \/>\n<meta property=\"og:locale\" content=\"en_US\" \/>\n<meta property=\"og:type\" content=\"article\" \/>\n<meta property=\"og:title\" content=\"Legal Notice - Centros N\u00e4rah - Life &amp; Beauty\" \/>\n<meta property=\"og:description\" content=\"Aviso Legal\u00bfQui\u00e9n es el responsable de tus datos? En cumplimiento del art\u00edculo 10 de la Ley 34\/2002, de \u00a011 de julio, de Servicios de la Sociedad de la Informaci\u00f3n y Comercio Electr\u00f3nico (LSSICE) a continuaci\u00f3n se detallan los datos identificativos de la entidad: Raz\u00f3n social: N\u00e4rah Life &amp; Beauty S.LNIF:B42745349 Direcci\u00f3n: Ronda Hispanidad 52 - [&hellip;]\" \/>\n<meta property=\"og:url\" content=\"https:\/\/www.centrosnarah.com\/en\/legal-notice\/\" \/>\n<meta property=\"og:site_name\" content=\"Centros N\u00e4rah - Life &amp; Beauty\" \/>\n<meta property=\"article:publisher\" content=\"https:\/\/www.facebook.com\/centrosnarah\" \/>\n<meta property=\"article:modified_time\" content=\"2021-05-09T17:03:38+00:00\" \/>\n<meta name=\"twitter:card\" content=\"summary_large_image\" \/>\n<meta name=\"twitter:site\" content=\"@masajesalbert\" \/>\n<meta name=\"twitter:label1\" content=\"Est. reading time\" \/>\n\t<meta name=\"twitter:data1\" content=\"8 minutes\" \/>\n<script type=\"application\/ld+json\" class=\"yoast-schema-graph\">{\"@context\":\"https:\/\/schema.org\",\"@graph\":[{\"@type\":\"WebPage\",\"@id\":\"https:\/\/www.centrosnarah.com\/en\/legal-notice\/\",\"url\":\"https:\/\/www.centrosnarah.com\/en\/legal-notice\/\",\"name\":\"Legal Notice - Centros N\u00e4rah - Life &amp; Beauty\",\"isPartOf\":{\"@id\":\"https:\/\/www.centrosnarah.com\/#website\"},\"datePublished\":\"2018-03-11T18:22:04+00:00\",\"dateModified\":\"2021-05-09T17:03:38+00:00\",\"breadcrumb\":{\"@id\":\"https:\/\/www.centrosnarah.com\/en\/legal-notice\/#breadcrumb\"},\"inLanguage\":\"en-US\",\"potentialAction\":[{\"@type\":\"ReadAction\",\"target\":[\"https:\/\/www.centrosnarah.com\/en\/legal-notice\/\"]}]},{\"@type\":\"BreadcrumbList\",\"@id\":\"https:\/\/www.centrosnarah.com\/en\/legal-notice\/#breadcrumb\",\"itemListElement\":[{\"@type\":\"ListItem\",\"position\":1,\"name\":\"Portada\",\"item\":\"https:\/\/www.centrosnarah.com\/en\/\"},{\"@type\":\"ListItem\",\"position\":2,\"name\":\"Legal Notice\"}]},{\"@type\":\"WebSite\",\"@id\":\"https:\/\/www.centrosnarah.com\/#website\",\"url\":\"https:\/\/www.centrosnarah.com\/\",\"name\":\"Centros N\u00e4rah - Life &amp; Beauty\",\"description\":\"Centros N\u00e4rah - Life &amp; Beauty. Especialistas en el cuidado de cuerpo y mente.\",\"publisher\":{\"@id\":\"https:\/\/www.centrosnarah.com\/#organization\"},\"potentialAction\":[{\"@type\":\"SearchAction\",\"target\":{\"@type\":\"EntryPoint\",\"urlTemplate\":\"https:\/\/www.centrosnarah.com\/?s={search_term_string}\"},\"query-input\":\"required name=search_term_string\"}],\"inLanguage\":\"en-US\"},{\"@type\":\"Organization\",\"@id\":\"https:\/\/www.centrosnarah.com\/#organization\",\"name\":\"Centros Narah | Belleza y Salud en Zaragoza\",\"url\":\"https:\/\/www.centrosnarah.com\/\",\"logo\":{\"@type\":\"ImageObject\",\"inLanguage\":\"en-US\",\"@id\":\"https:\/\/www.centrosnarah.com\/#\/schema\/logo\/image\/\",\"url\":\"https:\/\/www.centrosnarah.com\/wp-content\/uploads\/LOGO-NARAH-LIFE-BEAUTY-trans.png\",\"contentUrl\":\"https:\/\/www.centrosnarah.com\/wp-content\/uploads\/LOGO-NARAH-LIFE-BEAUTY-trans.png\",\"width\":839,\"height\":344,\"caption\":\"Centros Narah | Belleza y Salud en Zaragoza\"},\"image\":{\"@id\":\"https:\/\/www.centrosnarah.com\/#\/schema\/logo\/image\/\"},\"sameAs\":[\"https:\/\/www.facebook.com\/centrosnarah\",\"https:\/\/twitter.com\/masajesalbert\",\"https:\/\/www.instagram.com\/centrosnarah\/\",\"https:\/\/www.linkedin.com\/in\/ricardo-albert\/\",\"https:\/\/www.youtube.com\/watch?v=PZ3ejXGnhWY\"]}]}<\/script>\n<!-- \/ Yoast SEO plugin. -->","yoast_head_json":{"title":"Legal Notice - Centros N\u00e4rah - Life &amp; Beauty","robots":{"index":"index","follow":"follow","max-snippet":"max-snippet:-1","max-image-preview":"max-image-preview:large","max-video-preview":"max-video-preview:-1"},"canonical":"https:\/\/www.centrosnarah.com\/en\/legal-notice\/","og_locale":"en_US","og_type":"article","og_title":"Legal Notice - Centros N\u00e4rah - Life &amp; Beauty","og_description":"Aviso Legal\u00bfQui\u00e9n es el responsable de tus datos? En cumplimiento del art\u00edculo 10 de la Ley 34\/2002, de \u00a011 de julio, de Servicios de la Sociedad de la Informaci\u00f3n y Comercio Electr\u00f3nico (LSSICE) a continuaci\u00f3n se detallan los datos identificativos de la entidad: Raz\u00f3n social: N\u00e4rah Life &amp; Beauty S.LNIF:B42745349 Direcci\u00f3n: Ronda Hispanidad 52 - [&hellip;]","og_url":"https:\/\/www.centrosnarah.com\/en\/legal-notice\/","og_site_name":"Centros N\u00e4rah - Life &amp; Beauty","article_publisher":"https:\/\/www.facebook.com\/centrosnarah","article_modified_time":"2021-05-09T17:03:38+00:00","twitter_card":"summary_large_image","twitter_site":"@masajesalbert","twitter_misc":{"Est. reading time":"8 minutes"},"schema":{"@context":"https:\/\/schema.org","@graph":[{"@type":"WebPage","@id":"https:\/\/www.centrosnarah.com\/en\/legal-notice\/","url":"https:\/\/www.centrosnarah.com\/en\/legal-notice\/","name":"Legal Notice - Centros N\u00e4rah - Life &amp; Beauty","isPartOf":{"@id":"https:\/\/www.centrosnarah.com\/#website"},"datePublished":"2018-03-11T18:22:04+00:00","dateModified":"2021-05-09T17:03:38+00:00","breadcrumb":{"@id":"https:\/\/www.centrosnarah.com\/en\/legal-notice\/#breadcrumb"},"inLanguage":"en-US","potentialAction":[{"@type":"ReadAction","target":["https:\/\/www.centrosnarah.com\/en\/legal-notice\/"]}]},{"@type":"BreadcrumbList","@id":"https:\/\/www.centrosnarah.com\/en\/legal-notice\/#breadcrumb","itemListElement":[{"@type":"ListItem","position":1,"name":"Portada","item":"https:\/\/www.centrosnarah.com\/en\/"},{"@type":"ListItem","position":2,"name":"Legal Notice"}]},{"@type":"WebSite","@id":"https:\/\/www.centrosnarah.com\/#website","url":"https:\/\/www.centrosnarah.com\/","name":"Centros N\u00e4rah - Life &amp; Beauty","description":"Centros N\u00e4rah - Life &amp; Beauty. Especialistas en el cuidado de cuerpo y mente.","publisher":{"@id":"https:\/\/www.centrosnarah.com\/#organization"},"potentialAction":[{"@type":"SearchAction","target":{"@type":"EntryPoint","urlTemplate":"https:\/\/www.centrosnarah.com\/?s={search_term_string}"},"query-input":"required name=search_term_string"}],"inLanguage":"en-US"},{"@type":"Organization","@id":"https:\/\/www.centrosnarah.com\/#organization","name":"Centros Narah | Belleza y Salud en Zaragoza","url":"https:\/\/www.centrosnarah.com\/","logo":{"@type":"ImageObject","inLanguage":"en-US","@id":"https:\/\/www.centrosnarah.com\/#\/schema\/logo\/image\/","url":"https:\/\/www.centrosnarah.com\/wp-content\/uploads\/LOGO-NARAH-LIFE-BEAUTY-trans.png","contentUrl":"https:\/\/www.centrosnarah.com\/wp-content\/uploads\/LOGO-NARAH-LIFE-BEAUTY-trans.png","width":839,"height":344,"caption":"Centros Narah | Belleza y Salud en Zaragoza"},"image":{"@id":"https:\/\/www.centrosnarah.com\/#\/schema\/logo\/image\/"},"sameAs":["https:\/\/www.facebook.com\/centrosnarah","https:\/\/twitter.com\/masajesalbert","https:\/\/www.instagram.com\/centrosnarah\/","https:\/\/www.linkedin.com\/in\/ricardo-albert\/","https:\/\/www.youtube.com\/watch?v=PZ3ejXGnhWY"]}]}},"_links":{"self":[{"href":"https:\/\/www.centrosnarah.com\/en\/wp-json\/wp\/v2\/pages\/233674"}],"collection":[{"href":"https:\/\/www.centrosnarah.com\/en\/wp-json\/wp\/v2\/pages"}],"about":[{"href":"https:\/\/www.centrosnarah.com\/en\/wp-json\/wp\/v2\/types\/page"}],"author":[{"embeddable":true,"href":"https:\/\/www.centrosnarah.com\/en\/wp-json\/wp\/v2\/users\/1"}],"replies":[{"embeddable":true,"href":"https:\/\/www.centrosnarah.com\/en\/wp-json\/wp\/v2\/comments?post=233674"}],"version-history":[{"count":4,"href":"https:\/\/www.centrosnarah.com\/en\/wp-json\/wp\/v2\/pages\/233674\/revisions"}],"predecessor-version":[{"id":233714,"href":"https:\/\/www.centrosnarah.com\/en\/wp-json\/wp\/v2\/pages\/233674\/revisions\/233714"}],"wp:attachment":[{"href":"https:\/\/www.centrosnarah.com\/en\/wp-json\/wp\/v2\/media?parent=233674"}],"curies":[{"name":"wp","href":"https:\/\/api.w.org\/{rel}","templated":true}]}}